{"id":76,"date":"2026-04-27T14:21:39","date_gmt":"2026-04-27T14:21:39","guid":{"rendered":"https:\/\/laforgedosiris.fr\/index.php\/editer-un-jeu\/"},"modified":"2026-04-28T00:16:51","modified_gmt":"2026-04-28T00:16:51","slug":"editer-un-jeu","status":"publish","type":"page","link":"https:\/\/laforgedosiris.fr\/index.php\/editer-un-jeu\/","title":{"rendered":"Editer un jeu"},"content":{"rendered":"\n<figure class=\"wp-block-image alignfull size-full wp-image-151\" style=\"margin-top:0;margin-bottom:0\"><img loading=\"lazy\" decoding=\"async\" width=\"1536\" height=\"1024\" src=\"https:\/\/laforgedosiris.fr\/wp-content\/uploads\/2026\/04\/edition.png\" alt=\"Editer\" class=\"wp-image-151\" srcset=\"https:\/\/laforgedosiris.fr\/wp-content\/uploads\/2026\/04\/edition.png 1536w, https:\/\/laforgedosiris.fr\/wp-content\/uploads\/2026\/04\/edition-300x200.png 300w, https:\/\/laforgedosiris.fr\/wp-content\/uploads\/2026\/04\/edition-1024x683.png 1024w, https:\/\/laforgedosiris.fr\/wp-content\/uploads\/2026\/04\/edition-768x512.png 768w\" sizes=\"auto, (max-width: 1536px) 100vw, 1536px\" \/><\/figure>\n\n\n\n<div class=\"wp-block-group alignfull has-background has-global-padding is-layout-constrained wp-container-core-group-is-layout-c87cea4e wp-block-group-is-layout-constrained\" style=\"background-color:#111111;margin-top:0;margin-bottom:0;padding-top:var(--wp--preset--spacing--60);padding-right:var(--wp--preset--spacing--50);padding-bottom:var(--wp--preset--spacing--60);padding-left:var(--wp--preset--spacing--50)\">\n\n\n<div style=\"height:3rem\" aria-hidden=\"true\" class=\"wp-block-spacer\"><\/div>\n\n\n\n<p class=\"has-text-align-center\" style=\"font-size:clamp(2.629rem, 2.629rem + ((1vw - 0.2rem) * 3.952), 5rem);line-height:1\">\u2692\ufe0f<\/p>\n\n\n\n<div style=\"height:1.5rem\" aria-hidden=\"true\" class=\"wp-block-spacer\"><\/div>\n\n\n\n<h2 class=\"wp-block-heading has-text-align-center has-accent-2-color has-text-color\" style=\"font-size:clamp(1.502rem, 1.502rem + ((1vw - 0.2rem) * 1.663), 2.5rem);font-weight:700\">Section en cours de d\u00e9veloppement<\/h2>\n\n\n\n<div style=\"height:1.5rem\" aria-hidden=\"true\" class=\"wp-block-spacer\"><\/div>\n\n\n\n<p class=\"has-text-align-center has-base-color has-text-color\" style=\"font-size:clamp(0.875rem, 0.875rem + ((1vw - 0.2rem) * 0.542), 1.2rem);\">L&rsquo;\u00e9dition de jeux de soci\u00e9t\u00e9 arrive bient\u00f4t sur <strong>La Forge D&rsquo;Osiris<\/strong>.<\/p>\n\n\n\n<p class=\"has-text-align-center has-accent-5-color has-text-color\" style=\"font-size:clamp(0.875rem, 0.875rem + ((1vw - 0.2rem) * 0.208), 1rem);\">Accompagnement d&rsquo;auteurs, mise en relation avec des \u00e9diteurs, conseils en auto\u00e9dition&#8230;<br>Nous pr\u00e9parons quelque chose de grand. Revenez bient\u00f4t !<\/p>\n\n\n\n<div style=\"height:2rem\" aria-hidden=\"true\" class=\"wp-block-spacer\"><\/div>\n\n\n\n<div class=\"wp-block-group has-background has-global-padding is-layout-constrained wp-container-core-group-is-layout-d5422de8 wp-block-group-is-layout-constrained\" style=\"border-radius:8px;background-color:#1a1a1a;padding-top:1.5rem;padding-right:2rem;padding-bottom:1.5rem;padding-left:2rem\">\n\n<p class=\"has-text-align-center has-accent-color has-text-color\" style=\"font-size:clamp(0.875rem, 0.875rem + ((1vw - 0.2rem) * 0.125), 0.95rem);\">\ud83d\udd14 Vous souhaitez \u00eatre inform\u00e9 du lancement ?<br>Inscrivez-vous \u00e0 notre newsletter depuis la page d&rsquo;accueil.<\/p>\n\n<\/div>\n\n\n\n<div style=\"height:3rem\" aria-hidden=\"true\" class=\"wp-block-spacer\"><\/div>\n\n\n\n<div class=\"wp-block-buttons is-content-justification-center is-layout-flex wp-container-core-buttons-is-layout-a89b3969 wp-block-buttons-is-layout-flex\">\n\n<div class=\"wp-block-button\"><a class=\"wp-block-button__link has-base-color has-contrast-background-color has-text-color has-background wp-element-button\" href=\"\/\">\u2190 Retour \u00e0 l&rsquo;accueil<\/a><\/div>\n\n<\/div>\n\n\n<\/div>\n","protected":false},"excerpt":{"rendered":"<p>\u2692\ufe0f Section en cours de d\u00e9veloppement L&rsquo;\u00e9dition de jeux de soci\u00e9t\u00e9 arrive bient\u00f4t sur La Forge D&rsquo;Osiris. Accompagnement d&rsquo;auteurs, mise en relation avec des \u00e9diteurs, conseils en auto\u00e9dition&#8230;Nous pr\u00e9parons quelque chose de grand. Revenez bient\u00f4t ! \ud83d\udd14 Vous souhaitez \u00eatre inform\u00e9 du lancement ?Inscrivez-vous \u00e0 notre newsletter depuis la page d&rsquo;accueil.<\/p>\n","protected":false},"author":1,"featured_media":0,"parent":0,"menu_order":0,"comment_status":"closed","ping_status":"closed","template":"page-no-title","meta":{"footnotes":""},"class_list":["post-76","page","type-page","status-publish","hentry"],"_links":{"self":[{"href":"https:\/\/laforgedosiris.fr\/index.php\/wp-json\/wp\/v2\/pages\/76","targetHints":{"allow":["GET"]}}],"collection":[{"href":"https:\/\/laforgedosiris.fr\/index.php\/wp-json\/wp\/v2\/pages"}],"about":[{"href":"https:\/\/laforgedosiris.fr\/index.php\/wp-json\/wp\/v2\/types\/page"}],"author":[{"embeddable":true,"href":"https:\/\/laforgedosiris.fr\/index.php\/wp-json\/wp\/v2\/users\/1"}],"replies":[{"embeddable":true,"href":"https:\/\/laforgedosiris.fr\/index.php\/wp-json\/wp\/v2\/comments?post=76"}],"version-history":[{"count":2,"href":"https:\/\/laforgedosiris.fr\/index.php\/wp-json\/wp\/v2\/pages\/76\/revisions"}],"predecessor-version":[{"id":160,"href":"https:\/\/laforgedosiris.fr\/index.php\/wp-json\/wp\/v2\/pages\/76\/revisions\/160"}],"wp:attachment":[{"href":"https:\/\/laforgedosiris.fr\/index.php\/wp-json\/wp\/v2\/media?parent=76"}],"curies":[{"name":"wp","href":"https:\/\/api.w.org\/{rel}","templated":true}]}}